{"id":201,"date":"2018-05-31T15:08:54","date_gmt":"2018-05-31T13:08:54","guid":{"rendered":"https:\/\/maitre-freres.swiss\/?page_id=201"},"modified":"2019-06-13T10:02:11","modified_gmt":"2019-06-13T08:02:11","slug":"plastic-injection","status":"publish","type":"page","link":"https:\/\/maitre-freres.swiss\/en\/plastic-injection\/","title":{"rendered":"Injection"},"content":{"rendered":"","protected":false},"excerpt":{"rendered":"","protected":false},"author":3,"featured_media":0,"parent":0,"menu_order":0,"comment_status":"closed","ping_status":"closed","template":"template_injection.php","meta":{"_acf_changed":false,"footnotes":""},"class_list":["post-201","page","type-page","status-publish","hentry"],"acf":[],"yoast_head":"<!-- This site is optimized with the Yoast SEO plugin v24.2 - https:\/\/yoast.com\/wordpress\/plugins\/seo\/ -->\n<title>Injection - Ma\u00eetre fr\u00e8res<\/title>\n<meta name=\"robots\" content=\"index, follow, max-snippet:-1, max-image-preview:large, max-video-preview:-1\" \/>\n<link rel=\"canonical\" href=\"https:\/\/maitre-freres.swiss\/en\/plastic-injection\/\" \/>\n<meta property=\"og:locale\" content=\"en_US\" \/>\n<meta property=\"og:type\" content=\"article\" \/>\n<meta property=\"og:title\" content=\"Injection - Ma\u00eetre fr\u00e8res\" \/>\n<meta property=\"og:url\" content=\"https:\/\/maitre-freres.swiss\/en\/plastic-injection\/\" \/>\n<meta property=\"og:site_name\" content=\"Ma\u00eetre fr\u00e8res\" \/>\n<meta property=\"article:publisher\" content=\"https:\/\/www.facebook.com\/Ma%c3%aetre-fr%c3%a8res-SA-976488522490366\/?modal=admin_todo_tour\" \/>\n<meta property=\"article:modified_time\" content=\"2019-06-13T08:02:11+00:00\" \/>\n<meta property=\"og:image\" content=\"https:\/\/maitre-freres.swiss\/wp-content\/uploads\/2018\/06\/ogimage-copie.jpg\" \/>\n\t<meta property=\"og:image:width\" content=\"500\" \/>\n\t<meta property=\"og:image:height\" content=\"500\" \/>\n\t<meta property=\"og:image:type\" content=\"image\/jpeg\" \/>\n<meta name=\"twitter:card\" content=\"summary_large_image\" \/>\n<meta name=\"twitter:site\" content=\"@maitre_freres\" \/>\n<script type=\"application\/ld+json\" class=\"yoast-schema-graph\">{\"@context\":\"https:\/\/schema.org\",\"@graph\":[{\"@type\":\"WebPage\",\"@id\":\"https:\/\/maitre-freres.swiss\/en\/plastic-injection\/\",\"url\":\"https:\/\/maitre-freres.swiss\/en\/plastic-injection\/\",\"name\":\"Injection - Ma\u00eetre fr\u00e8res\",\"isPartOf\":{\"@id\":\"https:\/\/maitre-freres.swiss\/#website\"},\"datePublished\":\"2018-05-31T13:08:54+00:00\",\"dateModified\":\"2019-06-13T08:02:11+00:00\",\"breadcrumb\":{\"@id\":\"https:\/\/maitre-freres.swiss\/en\/plastic-injection\/#breadcrumb\"},\"inLanguage\":\"en-US\",\"potentialAction\":[{\"@type\":\"ReadAction\",\"target\":[\"https:\/\/maitre-freres.swiss\/en\/plastic-injection\/\"]}]},{\"@type\":\"BreadcrumbList\",\"@id\":\"https:\/\/maitre-freres.swiss\/en\/plastic-injection\/#breadcrumb\",\"itemListElement\":[{\"@type\":\"ListItem\",\"position\":1,\"name\":\"Accueil\",\"item\":\"https:\/\/maitre-freres.swiss\/en\/\"},{\"@type\":\"ListItem\",\"position\":2,\"name\":\"Injection\"}]},{\"@type\":\"WebSite\",\"@id\":\"https:\/\/maitre-freres.swiss\/#website\",\"url\":\"https:\/\/maitre-freres.swiss\/\",\"name\":\"Ma\u00eetre fr\u00e8res\",\"description\":\"Le sp\u00e9cialiste en injection plastique\",\"publisher\":{\"@id\":\"https:\/\/maitre-freres.swiss\/#organization\"},\"potentialAction\":[{\"@type\":\"SearchAction\",\"target\":{\"@type\":\"EntryPoint\",\"urlTemplate\":\"https:\/\/maitre-freres.swiss\/?s={search_term_string}\"},\"query-input\":{\"@type\":\"PropertyValueSpecification\",\"valueRequired\":true,\"valueName\":\"search_term_string\"}}],\"inLanguage\":\"en-US\"},{\"@type\":\"Organization\",\"@id\":\"https:\/\/maitre-freres.swiss\/#organization\",\"name\":\"Ma\u00eetre fr\u00e8res SA\",\"url\":\"https:\/\/maitre-freres.swiss\/\",\"logo\":{\"@type\":\"ImageObject\",\"inLanguage\":\"en-US\",\"@id\":\"https:\/\/maitre-freres.swiss\/#\/schema\/logo\/image\/\",\"url\":\"https:\/\/maitre-freres.swiss\/wp-content\/uploads\/2018\/06\/ogimage-copie.jpg\",\"contentUrl\":\"https:\/\/maitre-freres.swiss\/wp-content\/uploads\/2018\/06\/ogimage-copie.jpg\",\"width\":500,\"height\":500,\"caption\":\"Ma\u00eetre fr\u00e8res SA\"},\"image\":{\"@id\":\"https:\/\/maitre-freres.swiss\/#\/schema\/logo\/image\/\"},\"sameAs\":[\"https:\/\/www.facebook.com\/Ma\u00eetre-fr\u00e8res-SA-976488522490366\/?modal=admin_todo_tour\",\"https:\/\/x.com\/maitre_freres\",\"https:\/\/www.instagram.com\/maitre.freres\/\",\"https:\/\/www.linkedin.com\/company\/ma\u00eetre-fr\u00e8res\/\",\"https:\/\/www.youtube.com\/channel\/UCpPLsaWbkmjMWQiAgm_9eUA\"]}]}<\/script>\n<!-- \/ Yoast SEO plugin. -->","yoast_head_json":{"title":"Injection - Ma\u00eetre fr\u00e8res","robots":{"index":"index","follow":"follow","max-snippet":"max-snippet:-1","max-image-preview":"max-image-preview:large","max-video-preview":"max-video-preview:-1"},"canonical":"https:\/\/maitre-freres.swiss\/en\/plastic-injection\/","og_locale":"en_US","og_type":"article","og_title":"Injection - Ma\u00eetre fr\u00e8res","og_url":"https:\/\/maitre-freres.swiss\/en\/plastic-injection\/","og_site_name":"Ma\u00eetre fr\u00e8res","article_publisher":"https:\/\/www.facebook.com\/Ma%c3%aetre-fr%c3%a8res-SA-976488522490366\/?modal=admin_todo_tour","article_modified_time":"2019-06-13T08:02:11+00:00","og_image":[{"width":500,"height":500,"url":"https:\/\/maitre-freres.swiss\/wp-content\/uploads\/2018\/06\/ogimage-copie.jpg","type":"image\/jpeg"}],"twitter_card":"summary_large_image","twitter_site":"@maitre_freres","schema":{"@context":"https:\/\/schema.org","@graph":[{"@type":"WebPage","@id":"https:\/\/maitre-freres.swiss\/en\/plastic-injection\/","url":"https:\/\/maitre-freres.swiss\/en\/plastic-injection\/","name":"Injection - Ma\u00eetre fr\u00e8res","isPartOf":{"@id":"https:\/\/maitre-freres.swiss\/#website"},"datePublished":"2018-05-31T13:08:54+00:00","dateModified":"2019-06-13T08:02:11+00:00","breadcrumb":{"@id":"https:\/\/maitre-freres.swiss\/en\/plastic-injection\/#breadcrumb"},"inLanguage":"en-US","potentialAction":[{"@type":"ReadAction","target":["https:\/\/maitre-freres.swiss\/en\/plastic-injection\/"]}]},{"@type":"BreadcrumbList","@id":"https:\/\/maitre-freres.swiss\/en\/plastic-injection\/#breadcrumb","itemListElement":[{"@type":"ListItem","position":1,"name":"Accueil","item":"https:\/\/maitre-freres.swiss\/en\/"},{"@type":"ListItem","position":2,"name":"Injection"}]},{"@type":"WebSite","@id":"https:\/\/maitre-freres.swiss\/#website","url":"https:\/\/maitre-freres.swiss\/","name":"Ma\u00eetre fr\u00e8res","description":"Le sp\u00e9cialiste en injection plastique","publisher":{"@id":"https:\/\/maitre-freres.swiss\/#organization"},"potentialAction":[{"@type":"SearchAction","target":{"@type":"EntryPoint","urlTemplate":"https:\/\/maitre-freres.swiss\/?s={search_term_string}"},"query-input":{"@type":"PropertyValueSpecification","valueRequired":true,"valueName":"search_term_string"}}],"inLanguage":"en-US"},{"@type":"Organization","@id":"https:\/\/maitre-freres.swiss\/#organization","name":"Ma\u00eetre fr\u00e8res SA","url":"https:\/\/maitre-freres.swiss\/","logo":{"@type":"ImageObject","inLanguage":"en-US","@id":"https:\/\/maitre-freres.swiss\/#\/schema\/logo\/image\/","url":"https:\/\/maitre-freres.swiss\/wp-content\/uploads\/2018\/06\/ogimage-copie.jpg","contentUrl":"https:\/\/maitre-freres.swiss\/wp-content\/uploads\/2018\/06\/ogimage-copie.jpg","width":500,"height":500,"caption":"Ma\u00eetre fr\u00e8res SA"},"image":{"@id":"https:\/\/maitre-freres.swiss\/#\/schema\/logo\/image\/"},"sameAs":["https:\/\/www.facebook.com\/Ma\u00eetre-fr\u00e8res-SA-976488522490366\/?modal=admin_todo_tour","https:\/\/x.com\/maitre_freres","https:\/\/www.instagram.com\/maitre.freres\/","https:\/\/www.linkedin.com\/company\/ma\u00eetre-fr\u00e8res\/","https:\/\/www.youtube.com\/channel\/UCpPLsaWbkmjMWQiAgm_9eUA"]}]}},"_links":{"self":[{"href":"https:\/\/maitre-freres.swiss\/en\/wp-json\/wp\/v2\/pages\/201","targetHints":{"allow":["GET"]}}],"collection":[{"href":"https:\/\/maitre-freres.swiss\/en\/wp-json\/wp\/v2\/pages"}],"about":[{"href":"https:\/\/maitre-freres.swiss\/en\/wp-json\/wp\/v2\/types\/page"}],"author":[{"embeddable":true,"href":"https:\/\/maitre-freres.swiss\/en\/wp-json\/wp\/v2\/users\/3"}],"replies":[{"embeddable":true,"href":"https:\/\/maitre-freres.swiss\/en\/wp-json\/wp\/v2\/comments?post=201"}],"version-history":[{"count":5,"href":"https:\/\/maitre-freres.swiss\/en\/wp-json\/wp\/v2\/pages\/201\/revisions"}],"predecessor-version":[{"id":491,"href":"https:\/\/maitre-freres.swiss\/en\/wp-json\/wp\/v2\/pages\/201\/revisions\/491"}],"wp:attachment":[{"href":"https:\/\/maitre-freres.swiss\/en\/wp-json\/wp\/v2\/media?parent=201"}],"curies":[{"name":"wp","href":"https:\/\/api.w.org\/{rel}","templated":true}]}}